{"id":15,"date":"2022-09-30T15:52:42","date_gmt":"2022-09-30T15:52:42","guid":{"rendered":"https:\/\/www.kingconstruccion.app\/blog\/?page_id=10"},"modified":"2022-09-30T15:52:42","modified_gmt":"2022-09-30T15:52:42","slug":"preguntas-frecuentes","status":"publish","type":"page","link":"https:\/\/www.kingconstruccion.app\/blog\/preguntas-frecuentes\/","title":{"rendered":"Preguntas Frecuentes"},"content":{"rendered":"\n<p><strong>1. \u00bfQu\u00e9 es kingCon?<\/strong><\/p>\n\n\n\n<p>Somos una plataforma digital de compra-venta de materiales para la construcci\u00f3n. Es la forma m\u00e1s f\u00e1cil de adquirir tus materiales para la obra, s\u00f3lo agrega los materiales a tu carretilla, elige al aliado m\u00e1s cercano a tu ubicaci\u00f3n que har\u00e1 la entrega&nbsp; y en un plazo de 24 horas recibir\u00e1s el pedido en la direcci\u00f3n que hayas indicado.<\/p>\n\n\n\n<p>Puedes comprar desde kingconstruccion.app o bien descargar la app <a href=\"https:\/\/apps.apple.com\/mx\/app\/kingcon\/id1553968229\">App Store<\/a> \/ <a href=\"https:\/\/play.google.com\/store\/apps\/details?id=com.kingconstruccion.kingcon\">Google Play<\/a>.&nbsp;<\/p>\n\n\n\n<p><strong>2. \u00bfC\u00f3mo me registro?<\/strong><\/p>\n\n\n\n<ol class=\"wp-block-list\"><li>Puedes hacerlo directamente desde&nbsp; <a href=\"https:\/\/www.kingconstruccion.app\/\">Web<\/a>, o bien descargar la app en <a href=\"https:\/\/apps.apple.com\/mx\/app\/kingcon\/id1553968229\">App Store<\/a> o <a href=\"https:\/\/play.google.com\/store\/apps\/details?id=com.kingconstruccion.kingcon\">Google Play<\/a><\/li><li>Da clic en \u201cRegistrarme\u201d ingresar\u00e1s nombre completo, correo y una contrase\u00f1a.&nbsp;<\/li><li>Listo, ahora podr\u00e1s a\u00f1adir los materiales que requieras a tu carretilla.&nbsp;<\/li><\/ol>\n\n\n\n<p><strong>3. \u00bfC\u00f3mo compro mis materiales para construcci\u00f3n?<\/strong><\/p>\n\n\n\n<ol class=\"wp-block-list\"><li>Una vez que te hayas registrado podr\u00e1s <strong>entrar a la categor\u00eda<\/strong> deseada para ver la lista de los materiales y elegir desde ah\u00ed, o bien, puedes usar el buscador y escribir el material en espec\u00edfico, \u00e9ste lo encuentras en la parte superior de la p\u00e1gina web \/ app.<\/li><li>Cuando hayas dado clic en el material de tu elecci\u00f3n deber\u00e1s <strong>ingresar el n\u00famero de piezas<\/strong> que requieres de \u00e9ste y luego das clic en \u201cagregar\u201d.<\/li><li>Puedes <strong>agregar cuantos materiales desees<\/strong> y cuando ya quieras iniciar el pago ve a la carretilla ubicada en la parte superior derecha para comenzar el proceso.<\/li><li>Ver\u00e1s el <strong>resumen de tu pedido<\/strong> y da clic en \u201cElegir aliado\u201d .<\/li><li>Ingresa la <strong>direcci\u00f3n de entrega.&nbsp;<\/strong><\/li><li><strong>Selecciona a tu aliado:<\/strong> Podr\u00e1s visualizar los aliados que tienen el material disponible para entrega. La se\u00f1al\u00e9tica te indicar\u00e1 los aliados de tu zona: en color verde ver\u00e1s a&nbsp; los aliados que tienen el pedido completo, en amarillo los que tienen s\u00f3lo algunos materiales y en rojo los aliados que tienen ninguno de los materiales. Elegir\u00e1s, desde luego, los que tienen color verde. En caso de que ning\u00fan aliado tenga la lista completa de materiales (color verde), podr\u00e1s asignar el pedido a alg\u00fan aliado que tenga se\u00f1al\u00e9tica en amarillo y al finalizar la compra puedes elegir a otro aliado para completar el pedido de los productos que te hayan faltado.&nbsp;<\/li><li><strong>Elige tu m\u00e9todo de pago<\/strong>: tarjeta de d\u00e9bito o cr\u00e9dito, SPEI o tiendas OXXO.<\/li><li>Una vez emitido el pago<strong> recibir\u00e1s las notificaciones <\/strong>con el status de tu pedido v\u00eda email o en tu app. En caso de que hayas elegido pagar v\u00eda SPEI o tiendas OXXO recibir\u00e1s tambi\u00e9n las instrucciones para realizar el pago y posteriormente los correos con el status de tu pedido.<\/li><li>El aliado tendr\u00e1 un plazo de 24 horas (una vez que aceptaron tu pedido) para hacer la entrega en el punto de tu obra.&nbsp;<\/li><\/ol>\n\n\n\n<p><strong>4. \u00bfEn qu\u00e9 horario puedo programar pedidos?<\/strong><\/p>\n\n\n\n<p>KingCon funciona 24\/7, esto quiere decir que podr\u00e1s hacer tus pedidos en cualquier d\u00eda y a la hora de tu elecci\u00f3n, una vez que el aliado acepte tu pedido tendr\u00e1s 24 horas para recibirlo.<\/p>\n\n\n\n<p><strong>5. \u00bfC\u00f3mo pago mis pedidos?<\/strong><\/p>\n\n\n\n<p>Una vez que hayas seleccionado tus productos, puedes pagar en l\u00ednea con tarjeta de d\u00e9bito o cr\u00e9dito, transferencia SPEI y en tiendas OXXO.&nbsp;<\/p>\n\n\n\n<p><strong>6. \u00bfEn cu\u00e1nto tiempo llegar\u00e1 a la obra el material que solicit\u00e9?<\/strong><\/p>\n\n\n\n<p>En KingCon contamos con una promesa de entrega de 24 horas, que corren a partir de que el aliado que elegiste acept\u00f3 tu pedido.<\/p>\n\n\n\n<p><strong>7. \u00bfC\u00f3mo saber el estatus de mi pedido?<\/strong><\/p>\n\n\n\n<p>Recibir\u00e1s correos electr\u00f3nicos o notificaciones en la app para ver el status del proceso de tu pedido. Recibir\u00e1s tres notificaciones:<\/p>\n\n\n\n<ul class=\"wp-block-list\"><li>Cuando hayan aceptado tu pedido.&nbsp;<\/li><li>Cuando lo est\u00e9n preparando<\/li><li>Cuando lo est\u00e9n llevando a tu obra.<\/li><\/ul>\n\n\n\n<p><strong>8. \u00bfQu\u00e9 hago si mi pedido no llega?<\/strong><\/p>\n\n\n\n<p>Tu compra cuenta con el respaldo de KingCon. Los aliados cuentan con un tiempo para aceptar los pedidos, en el caso de que se cumpla ese tiempo y el aliado no haya aceptado el pedido, nuestro equipo estar\u00e1 asumiendo la responsabilidad de tu entrega. Es importante hacer de tu conocimiento que nuestros aliados al registrarse pasan por un proceso de verificaci\u00f3n antes de hacer entregas para evitar alg\u00fan tipo de inconveniente.&nbsp;<\/p>\n\n\n\n<p><strong>9. \u00bfQui\u00e9n me entregar\u00e1 mi pedido?<\/strong><\/p>\n\n\n\n<p>Tu pedido lo entrega un aliado fuerte de la construcci\u00f3n de KingCon que previamente pas\u00f3 por un proceso de verificaci\u00f3n para poder aparecer en la plataforma.&nbsp;<\/p>\n\n\n\n<p><strong>10. \u00bfC\u00f3mo obtengo mi factura?<\/strong><\/p>\n\n\n\n<p>Una vez que tu pedido fue entregado, <strong>en la app<\/strong> &gt; perfil &gt; pedidos&nbsp; o en <strong>la p\u00e1gina web<\/strong> &gt; perfil &gt; pedidos. Selecciona el pedido que quieres facturar, da clic en el bot\u00f3n \u201cFacturar pedido\u201d llena los campos que ah\u00ed se te solicitan y nuestro equipo tendr\u00e1 un d\u00eda h\u00e1bil para enviar tu factura.<\/p>\n","protected":false},"excerpt":{"rendered":"<p>1. \u00bfQu\u00e9 es kingCon? Somos una plataforma digital de compra-venta de materiales para la construcci\u00f3n. Es la forma m\u00e1s f\u00e1cil de adquirir tus materiales para la obra, s\u00f3lo agrega los materiales a tu carretilla, elige al aliado m\u00e1s cercano a tu ubicaci\u00f3n que har\u00e1 la entrega&nbsp; y en un plazo de 24 horas recibir\u00e1s el [&hellip;]<\/p>\n","protected":false},"author":2,"featured_media":0,"parent":0,"menu_order":0,"comment_status":"closed","ping_status":"closed","template":"","meta":{"footnotes":""},"class_list":["post-15","page","type-page","status-publish","hentry"],"yoast_head":"<!-- This site is optimized with the Yoast SEO plugin v27.6 - https:\/\/yoast.com\/product\/yoast-seo-wordpress\/ -->\n<title>Preguntas Frecuentes - KingConstruccion<\/title>\n<meta name=\"robots\" content=\"index, follow, max-snippet:-1, max-image-preview:large, max-video-preview:-1\" \/>\n<link rel=\"canonical\" href=\"https:\/\/www.kingconstruccion.app\/blog\/preguntas-frecuentes\/\" \/>\n<meta property=\"og:locale\" content=\"es_ES\" \/>\n<meta property=\"og:type\" content=\"article\" \/>\n<meta property=\"og:title\" content=\"Preguntas Frecuentes - KingConstruccion\" \/>\n<meta property=\"og:description\" content=\"1. \u00bfQu\u00e9 es kingCon? Somos una plataforma digital de compra-venta de materiales para la construcci\u00f3n. Es la forma m\u00e1s f\u00e1cil de adquirir tus materiales para la obra, s\u00f3lo agrega los materiales a tu carretilla, elige al aliado m\u00e1s cercano a tu ubicaci\u00f3n que har\u00e1 la entrega&nbsp; y en un plazo de 24 horas recibir\u00e1s el [&hellip;]\" \/>\n<meta property=\"og:url\" content=\"https:\/\/www.kingconstruccion.app\/blog\/preguntas-frecuentes\/\" \/>\n<meta property=\"og:site_name\" content=\"KingConstruccion\" \/>\n<meta name=\"twitter:card\" content=\"summary_large_image\" \/>\n<meta name=\"twitter:label1\" content=\"Tiempo de lectura\" \/>\n\t<meta name=\"twitter:data1\" content=\"4 minutos\" \/>\n<script type=\"application\/ld+json\" class=\"yoast-schema-graph\">{\"@context\":\"https:\\\/\\\/schema.org\",\"@graph\":[{\"@type\":\"WebPage\",\"@id\":\"https:\\\/\\\/www.kingconstruccion.app\\\/blog\\\/preguntas-frecuentes\\\/\",\"url\":\"https:\\\/\\\/www.kingconstruccion.app\\\/blog\\\/preguntas-frecuentes\\\/\",\"name\":\"Preguntas Frecuentes - KingConstruccion\",\"isPartOf\":{\"@id\":\"https:\\\/\\\/www.kingconstruccion.app\\\/blog\\\/#website\"},\"datePublished\":\"2022-09-30T15:52:42+00:00\",\"breadcrumb\":{\"@id\":\"https:\\\/\\\/www.kingconstruccion.app\\\/blog\\\/preguntas-frecuentes\\\/#breadcrumb\"},\"inLanguage\":\"es\",\"potentialAction\":[{\"@type\":\"ReadAction\",\"target\":[\"https:\\\/\\\/www.kingconstruccion.app\\\/blog\\\/preguntas-frecuentes\\\/\"]}]},{\"@type\":\"BreadcrumbList\",\"@id\":\"https:\\\/\\\/www.kingconstruccion.app\\\/blog\\\/preguntas-frecuentes\\\/#breadcrumb\",\"itemListElement\":[{\"@type\":\"ListItem\",\"position\":1,\"name\":\"Portada\",\"item\":\"https:\\\/\\\/www.kingconstruccion.app\\\/blog\\\/\"},{\"@type\":\"ListItem\",\"position\":2,\"name\":\"Preguntas Frecuentes\"}]},{\"@type\":\"WebSite\",\"@id\":\"https:\\\/\\\/www.kingconstruccion.app\\\/blog\\\/#website\",\"url\":\"https:\\\/\\\/www.kingconstruccion.app\\\/blog\\\/\",\"name\":\"KingConstruccion\",\"description\":\"KingConstruccion\",\"publisher\":{\"@id\":\"https:\\\/\\\/www.kingconstruccion.app\\\/blog\\\/#organization\"},\"potentialAction\":[{\"@type\":\"SearchAction\",\"target\":{\"@type\":\"EntryPoint\",\"urlTemplate\":\"https:\\\/\\\/www.kingconstruccion.app\\\/blog\\\/?s={search_term_string}\"},\"query-input\":{\"@type\":\"PropertyValueSpecification\",\"valueRequired\":true,\"valueName\":\"search_term_string\"}}],\"inLanguage\":\"es\"},{\"@type\":\"Organization\",\"@id\":\"https:\\\/\\\/www.kingconstruccion.app\\\/blog\\\/#organization\",\"name\":\"KingConstruccion\",\"url\":\"https:\\\/\\\/www.kingconstruccion.app\\\/blog\\\/\",\"logo\":{\"@type\":\"ImageObject\",\"inLanguage\":\"es\",\"@id\":\"https:\\\/\\\/www.kingconstruccion.app\\\/blog\\\/#\\\/schema\\\/logo\\\/image\\\/\",\"url\":\"https:\\\/\\\/www.kingconstruccion.app\\\/blog\\\/wp-content\\\/uploads\\\/2023\\\/03\\\/logo_head.png\",\"contentUrl\":\"https:\\\/\\\/www.kingconstruccion.app\\\/blog\\\/wp-content\\\/uploads\\\/2023\\\/03\\\/logo_head.png\",\"width\":100,\"height\":43,\"caption\":\"KingConstruccion\"},\"image\":{\"@id\":\"https:\\\/\\\/www.kingconstruccion.app\\\/blog\\\/#\\\/schema\\\/logo\\\/image\\\/\"}}]}<\/script>\n<!-- \/ Yoast SEO plugin. -->","yoast_head_json":{"title":"Preguntas Frecuentes - KingConstruccion","robots":{"index":"index","follow":"follow","max-snippet":"max-snippet:-1","max-image-preview":"max-image-preview:large","max-video-preview":"max-video-preview:-1"},"canonical":"https:\/\/www.kingconstruccion.app\/blog\/preguntas-frecuentes\/","og_locale":"es_ES","og_type":"article","og_title":"Preguntas Frecuentes - KingConstruccion","og_description":"1. \u00bfQu\u00e9 es kingCon? Somos una plataforma digital de compra-venta de materiales para la construcci\u00f3n. Es la forma m\u00e1s f\u00e1cil de adquirir tus materiales para la obra, s\u00f3lo agrega los materiales a tu carretilla, elige al aliado m\u00e1s cercano a tu ubicaci\u00f3n que har\u00e1 la entrega&nbsp; y en un plazo de 24 horas recibir\u00e1s el [&hellip;]","og_url":"https:\/\/www.kingconstruccion.app\/blog\/preguntas-frecuentes\/","og_site_name":"KingConstruccion","twitter_card":"summary_large_image","twitter_misc":{"Tiempo de lectura":"4 minutos"},"schema":{"@context":"https:\/\/schema.org","@graph":[{"@type":"WebPage","@id":"https:\/\/www.kingconstruccion.app\/blog\/preguntas-frecuentes\/","url":"https:\/\/www.kingconstruccion.app\/blog\/preguntas-frecuentes\/","name":"Preguntas Frecuentes - KingConstruccion","isPartOf":{"@id":"https:\/\/www.kingconstruccion.app\/blog\/#website"},"datePublished":"2022-09-30T15:52:42+00:00","breadcrumb":{"@id":"https:\/\/www.kingconstruccion.app\/blog\/preguntas-frecuentes\/#breadcrumb"},"inLanguage":"es","potentialAction":[{"@type":"ReadAction","target":["https:\/\/www.kingconstruccion.app\/blog\/preguntas-frecuentes\/"]}]},{"@type":"BreadcrumbList","@id":"https:\/\/www.kingconstruccion.app\/blog\/preguntas-frecuentes\/#breadcrumb","itemListElement":[{"@type":"ListItem","position":1,"name":"Portada","item":"https:\/\/www.kingconstruccion.app\/blog\/"},{"@type":"ListItem","position":2,"name":"Preguntas Frecuentes"}]},{"@type":"WebSite","@id":"https:\/\/www.kingconstruccion.app\/blog\/#website","url":"https:\/\/www.kingconstruccion.app\/blog\/","name":"KingConstruccion","description":"KingConstruccion","publisher":{"@id":"https:\/\/www.kingconstruccion.app\/blog\/#organization"},"potentialAction":[{"@type":"SearchAction","target":{"@type":"EntryPoint","urlTemplate":"https:\/\/www.kingconstruccion.app\/blog\/?s={search_term_string}"},"query-input":{"@type":"PropertyValueSpecification","valueRequired":true,"valueName":"search_term_string"}}],"inLanguage":"es"},{"@type":"Organization","@id":"https:\/\/www.kingconstruccion.app\/blog\/#organization","name":"KingConstruccion","url":"https:\/\/www.kingconstruccion.app\/blog\/","logo":{"@type":"ImageObject","inLanguage":"es","@id":"https:\/\/www.kingconstruccion.app\/blog\/#\/schema\/logo\/image\/","url":"https:\/\/www.kingconstruccion.app\/blog\/wp-content\/uploads\/2023\/03\/logo_head.png","contentUrl":"https:\/\/www.kingconstruccion.app\/blog\/wp-content\/uploads\/2023\/03\/logo_head.png","width":100,"height":43,"caption":"KingConstruccion"},"image":{"@id":"https:\/\/www.kingconstruccion.app\/blog\/#\/schema\/logo\/image\/"}}]}},"_links":{"self":[{"href":"https:\/\/www.kingconstruccion.app\/blog\/wp-json\/wp\/v2\/pages\/15","targetHints":{"allow":["GET"]}}],"collection":[{"href":"https:\/\/www.kingconstruccion.app\/blog\/wp-json\/wp\/v2\/pages"}],"about":[{"href":"https:\/\/www.kingconstruccion.app\/blog\/wp-json\/wp\/v2\/types\/page"}],"author":[{"embeddable":true,"href":"https:\/\/www.kingconstruccion.app\/blog\/wp-json\/wp\/v2\/users\/2"}],"replies":[{"embeddable":true,"href":"https:\/\/www.kingconstruccion.app\/blog\/wp-json\/wp\/v2\/comments?post=15"}],"version-history":[{"count":0,"href":"https:\/\/www.kingconstruccion.app\/blog\/wp-json\/wp\/v2\/pages\/15\/revisions"}],"wp:attachment":[{"href":"https:\/\/www.kingconstruccion.app\/blog\/wp-json\/wp\/v2\/media?parent=15"}],"curies":[{"name":"wp","href":"https:\/\/api.w.org\/{rel}","templated":true}]}}